{"id":55,"date":"2018-03-22T09:58:55","date_gmt":"2018-03-22T09:58:55","guid":{"rendered":"https:\/\/www.codigopro.pt\/detalhesilustrados_copia\/?page_id=55"},"modified":"2024-07-17T15:49:31","modified_gmt":"2024-07-17T15:49:31","slug":"sobre-nos","status":"publish","type":"page","link":"https:\/\/detalhesilustrados.pt\/novo\/sobre-nos\/","title":{"rendered":"Sobre n\u00f3s"},"content":{"rendered":"<p>[et_pb_section fb_built=&#8221;1&#8243; admin_label=&#8221;section&#8221; _builder_version=&#8221;4.16&#8243; global_colors_info=&#8221;{}&#8221;][et_pb_row admin_label=&#8221;row&#8221; _builder_version=&#8221;4.16&#8243; background_size=&#8221;initial&#8221; background_position=&#8221;top_left&#8221; background_repeat=&#8221;repeat&#8221; global_colors_info=&#8221;{}&#8221;][et_pb_column type=&#8221;4_4&#8243; _builder_version=&#8221;4.16&#8243; custom_padding=&#8221;|||&#8221; global_colors_info=&#8221;{}&#8221; custom_padding__hover=&#8221;|||&#8221;][et_pb_text admin_label=&#8221;Text&#8221; _builder_version=&#8221;4.26.1&#8243; header_2_font_size=&#8221;27px&#8221; header_2_line_height=&#8221;1.3em&#8221; header_4_font=&#8221;||on||||||&#8221; header_4_font_size=&#8221;21px&#8221; header_4_line_height=&#8221;1.3em&#8221; background_size=&#8221;initial&#8221; background_position=&#8221;top_left&#8221; background_repeat=&#8221;repeat&#8221; global_colors_info=&#8221;{}&#8221;]<\/p>\n<h2>A Detalhes Ilustrados nasceu em 2011, no concelho de Sintra, e tem feito o seu trajeto na decora\u00e7\u00e3o de \u00f3ticas de acordo com as linhas de orienta\u00e7\u00e3o que estabeleceu como fundamentais para a sua atua\u00e7\u00e3o: a qualidade do trabalho e a rela\u00e7\u00e3o com os clientes.<\/h2>\n<p>Desde a sua arquitetura \u00e0 decora\u00e7\u00e3o, do mobili\u00e1rio aos expositores, \u201cuma \u00f3tica de excel\u00eancia ilustra-se pelos seus detalhes\u201d. \u00c9 nesse sentido que a nossa empresa gerida por Ant\u00f3nio Rosa delineia o seu trabalho, sempre com um objetivo principal em mente: a satisfa\u00e7\u00e3o dos clientes. \u201cTer os clientes do meu lado \u00e9 o mais importante\u201d, afirma Ant\u00f3nio Rosa, e acrescenta: \u201cA empresa foi fundada em 2011, juntamente com um s\u00f3cio, mas estou h\u00e1 cerca de sete anos \u00e0 frente do neg\u00f3cio a solo. Um dos meus principais trunfos \u00e9 o contacto permanente com os clientes, algo que acontece desde que integrei este setor de atividade, em 2006. A Detalhes Ilustrados baseia-se em valores como seriedade e profissionalismo e, como tal, os clientes acreditam no meu trabalho\u201d.<\/p>\n<p>Apesar dos \u201ccontratempos\u201d dos \u00faltimos anos, nomeadamente a pandemia causada pela Covid-19, mantivemos sempre as portas abertas.<\/p>\n<p>[\/et_pb_text][et_pb_image src=&#8221;https:\/\/detalhesilustrados.pt\/novo\/wp-content\/uploads\/2024\/07\/antonio-rosa-web.jpg&#8221; title_text=&#8221;antonio-rosa-web&#8221; _builder_version=&#8221;4.26.1&#8243; _module_preset=&#8221;default&#8221; global_colors_info=&#8221;{}&#8221;][\/et_pb_image][\/et_pb_column][\/et_pb_row][et_pb_row column_structure=&#8221;1_2,1_2&#8243; _builder_version=&#8221;4.26.1&#8243; _module_preset=&#8221;default&#8221; global_colors_info=&#8221;{}&#8221;][et_pb_column type=&#8221;1_2&#8243; _builder_version=&#8221;4.26.1&#8243; _module_preset=&#8221;default&#8221; global_colors_info=&#8221;{}&#8221;][et_pb_text admin_label=&#8221;Text&#8221; _builder_version=&#8221;4.26.1&#8243; header_2_font_size=&#8221;27px&#8221; header_2_line_height=&#8221;1.3em&#8221; header_4_font=&#8221;||on||||||&#8221; header_4_text_color=&#8221;#BF1818&#8243; header_4_font_size=&#8221;33px&#8221; header_4_line_height=&#8221;1.5em&#8221; background_size=&#8221;initial&#8221; background_position=&#8221;top_left&#8221; background_repeat=&#8221;repeat&#8221; hover_enabled=&#8221;0&#8243; global_colors_info=&#8221;{}&#8221; sticky_enabled=&#8221;0&#8243;]<\/p>\n<p>&nbsp;<\/p>\n<h4>\u201cNunca par\u00e1mos, mesmo com algumas \u2018tempestades\u2019 pelo meio, e h\u00e1 planos para o futuro. J\u00e1 temos v\u00e1rios projetos em curso, o que \u00e9 excelente\u201d.<\/h4>\n<p>[\/et_pb_text][\/et_pb_column][et_pb_column type=&#8221;1_2&#8243; _builder_version=&#8221;4.26.1&#8243; _module_preset=&#8221;default&#8221; global_colors_info=&#8221;{}&#8221;][\/et_pb_column][\/et_pb_row][\/et_pb_section]<\/p>\n","protected":false},"excerpt":{"rendered":"<p>A Detalhes Ilustrados nasceu em 2011, no concelho de Sintra, e tem feito o seu trajeto na decora\u00e7\u00e3o de \u00f3ticas de acordo com as linhas de orienta\u00e7\u00e3o que estabeleceu como fundamentais para a sua atua\u00e7\u00e3o: a qualidade do trabalho e a rela\u00e7\u00e3o com os clientes. Desde a sua arquitetura \u00e0 decora\u00e7\u00e3o, do mobili\u00e1rio aos expositores, [&hellip;]<\/p>\n","protected":false},"author":1,"featured_media":164,"parent":0,"menu_order":0,"comment_status":"closed","ping_status":"closed","template":"","meta":{"_et_pb_use_builder":"on","_et_pb_old_content":"Fundada em 2011, a Detalhes Ilustrados tem feito o seu trajeto na decora\u00e7\u00e3o de \u00d3pticas de acordo com as linhas de orienta\u00e7\u00e3o que estabeleceu como fundamentais para a sua atua\u00e7\u00e3o, que s\u00e3o a qualidade do trabalho e a rela\u00e7\u00e3o\u00a0com os clientes.\r\n\r\nDesenvolvemos a nossa atividade em todo o territ\u00f3rio nacional e ilhas contando com um vasto historial de projetos conclu\u00eddos, entre espa\u00e7os novos e remodela\u00e7\u00f5es. Pretendemos continuar a ser uma excelente op\u00e7\u00e3o no sector da produ\u00e7\u00e3o de mobili\u00e1rio e expositores para \u00d3pticas. Procuramos estar atualizados relativamente ao surgimento de novos produtos e novos conceitos para podermos fazer um servi\u00e7o de qualidade por um pre\u00e7o que v\u00e1 de encontro \u00e0 disponibilidade do cliente.\r\n\r\n&nbsp;\r\n\r\n&nbsp;\r\n\r\n&nbsp;\r\n\r\n[metaslider id=\"236\"]","_et_gb_content_width":"","footnotes":""},"class_list":["post-55","page","type-page","status-publish","has-post-thumbnail","hentry"],"_links":{"self":[{"href":"https:\/\/detalhesilustrados.pt\/novo\/wp-json\/wp\/v2\/pages\/55","targetHints":{"allow":["GET"]}}],"collection":[{"href":"https:\/\/detalhesilustrados.pt\/novo\/wp-json\/wp\/v2\/pages"}],"about":[{"href":"https:\/\/detalhesilustrados.pt\/novo\/wp-json\/wp\/v2\/types\/page"}],"author":[{"embeddable":true,"href":"https:\/\/detalhesilustrados.pt\/novo\/wp-json\/wp\/v2\/users\/1"}],"replies":[{"embeddable":true,"href":"https:\/\/detalhesilustrados.pt\/novo\/wp-json\/wp\/v2\/comments?post=55"}],"version-history":[{"count":22,"href":"https:\/\/detalhesilustrados.pt\/novo\/wp-json\/wp\/v2\/pages\/55\/revisions"}],"predecessor-version":[{"id":525,"href":"https:\/\/detalhesilustrados.pt\/novo\/wp-json\/wp\/v2\/pages\/55\/revisions\/525"}],"wp:featuredmedia":[{"embeddable":true,"href":"https:\/\/detalhesilustrados.pt\/novo\/wp-json\/wp\/v2\/media\/164"}],"wp:attachment":[{"href":"https:\/\/detalhesilustrados.pt\/novo\/wp-json\/wp\/v2\/media?parent=55"}],"curies":[{"name":"wp","href":"https:\/\/api.w.org\/{rel}","templated":true}]}}